{"id":5207,"date":"2021-04-27T04:17:48","date_gmt":"2021-04-27T04:17:48","guid":{"rendered":"https:\/\/nuss.uxper.co\/boutique-hotel\/?page_id=14"},"modified":"2023-01-19T09:34:29","modified_gmt":"2023-01-19T06:34:29","slug":"blog","status":"publish","type":"page","link":"https:\/\/peetritalu.eu\/en\/blog\/","title":{"rendered":"Blog"},"content":{"rendered":"\t\t<div data-elementor-type=\"wp-page\" data-elementor-id=\"5207\" class=\"elementor elementor-5207\" data-elementor-post-type=\"page\">\n\t\t\t\t\t\t\t\t\t<section data-particle_enable=\"false\" data-particle-mobile-disabled=\"false\" class=\"elementor-section elementor-top-section elementor-element elementor-element-f7d7f61 elementor-section-boxed elementor-section-height-default elementor-section-height-default elementor-section-column-vertical-align-stretch\" data-id=\"f7d7f61\" data-element_type=\"section\">\n\t\t\t\t\t\t<div class=\"elementor-container elementor-column-gap-no\">\n\t\t\t\t\t<div class=\"elementor-column elementor-col-100 elementor-top-column elementor-element elementor-element-b7654af\" data-id=\"b7654af\" data-element_type=\"column\">\n\t\t\t<div class=\"elementor-widget-wrap elementor-element-populated\">\n\t\t\t\t\t\t\t\t<div class=\"elementor-element elementor-element-bf8a594 elementor-widget elementor-widget-heading\" data-id=\"bf8a594\" data-element_type=\"widget\" data-widget_type=\"heading.default\">\n\t\t\t\t<div class=\"elementor-widget-container\">\n\t\t\t<style>\/*! elementor - v3.15.0 - 02-08-2023 *\/\n.elementor-heading-title{padding:0;margin:0;line-height:1}.elementor-widget-heading .elementor-heading-title[class*=elementor-size-]>a{color:inherit;font-size:inherit;line-height:inherit}.elementor-widget-heading .elementor-heading-title.elementor-size-small{font-size:15px}.elementor-widget-heading .elementor-heading-title.elementor-size-medium{font-size:19px}.elementor-widget-heading .elementor-heading-title.elementor-size-large{font-size:29px}.elementor-widget-heading .elementor-heading-title.elementor-size-xl{font-size:39px}.elementor-widget-heading .elementor-heading-title.elementor-size-xxl{font-size:59px}<\/style><h2 class=\"elementor-heading-title elementor-size-default\">Blogi<\/h2>\t\t<\/div>\n\t\t\t\t<\/div>\n\t\t\t\t\t<\/div>\n\t\t<\/div>\n\t\t\t\t\t\t\t<\/div>\n\t\t<\/section>\n\t\t\t\t<section data-particle_enable=\"false\" data-particle-mobile-disabled=\"false\" class=\"elementor-section elementor-top-section elementor-element elementor-element-091e094 elementor-section-boxed elementor-section-height-default elementor-section-height-default elementor-section-column-vertical-align-stretch\" data-id=\"091e094\" data-element_type=\"section\">\n\t\t\t\t\t\t<div class=\"elementor-container elementor-column-gap-no\">\n\t\t\t\t\t<div class=\"elementor-column elementor-col-100 elementor-top-column elementor-element elementor-element-079fa05\" data-id=\"079fa05\" data-element_type=\"column\">\n\t\t\t<div class=\"elementor-widget-wrap elementor-element-populated\">\n\t\t\t\t\t\t\t\t<div class=\"elementor-element elementor-element-56d31ab ee-grid-columns-2 ee-posts-thumbnail-ratio ee-grid-columns-tablet-2 ee-grid-columns-mobile-1 ee-grid-align--stretch ee-grid-halign--left ee-posts-align-top ee-posts-avatar-position-left elementor-widget elementor-widget-posts-extra\" data-id=\"56d31ab\" data-element_type=\"widget\" data-settings=\"{&quot;columns&quot;:&quot;2&quot;,&quot;classic_grid_columns_spacing&quot;:{&quot;unit&quot;:&quot;px&quot;,&quot;size&quot;:85,&quot;sizes&quot;:[]},&quot;classic_grid_columns_spacing_tablet&quot;:{&quot;unit&quot;:&quot;px&quot;,&quot;size&quot;:58,&quot;sizes&quot;:[]},&quot;columns_tablet&quot;:&quot;2&quot;,&quot;columns_mobile&quot;:&quot;1&quot;,&quot;classic_layout&quot;:&quot;default&quot;,&quot;classic_grid_columns_spacing_mobile&quot;:{&quot;unit&quot;:&quot;px&quot;,&quot;size&quot;:0,&quot;sizes&quot;:[]}}\" data-widget_type=\"posts-extra.classic\">\n\t\t\t\t<div class=\"elementor-widget-container\">\n\t\t\t<div class=\"ee-grid ee-loop ee-grid--default\"><div class=\"ee-grid__item--sizer\"><\/div><div class=\"ee-grid__item ee-loop__item\"><article class=\"ee-post post-11677 post type-post status-publish format-standard has-post-thumbnail hentry category-blog\"><a class=\"ee-media ee-post__media\" href=\"https:\/\/peetritalu.eu\/en\/mustiline-ohtusook-5-kaigulise-maitserannakuna\/\"><div class=\"ee-post__media__thumbnail ee-media__thumbnail\"><img loading=\"lazy\" decoding=\"async\" width=\"1024\" height=\"683\" src=\"https:\/\/peetritalu.eu\/wp-content\/uploads\/2022\/12\/DSC09627-1024x683.jpg\" class=\"attachment-large size-large wp-image-11398\" alt=\"\u00f5htus\u00f6\u00f6k\" srcset=\"https:\/\/peetritalu.eu\/wp-content\/uploads\/2022\/12\/DSC09627-1024x683.jpg 1024w, https:\/\/peetritalu.eu\/wp-content\/uploads\/2022\/12\/DSC09627-480x320.jpg 480w, https:\/\/peetritalu.eu\/wp-content\/uploads\/2022\/12\/DSC09627-600x400.jpg 600w, https:\/\/peetritalu.eu\/wp-content\/uploads\/2022\/12\/DSC09627-300x200.jpg 300w, https:\/\/peetritalu.eu\/wp-content\/uploads\/2022\/12\/DSC09627-150x100.jpg 150w, https:\/\/peetritalu.eu\/wp-content\/uploads\/2022\/12\/DSC09627-768x512.jpg 768w, https:\/\/peetritalu.eu\/wp-content\/uploads\/2022\/12\/DSC09627.jpg 1080w\" sizes=\"(max-width: 1024px) 100vw, 1024px\" \/><\/div><div class=\"ee-post__media__overlay ee-media__overlay\"><\/div><\/a><!-- .ee-post__media --><div class=\"ee-post__body ee-post__area\"><a href=\"https:\/\/peetritalu.eu\/en\/mustiline-ohtusook-5-kaigulise-maitserannakuna\/\" class=\"ee-post__title\">\n\t\t\t<h2 class=\"ee-post__title__heading\">M\u00fcstiline \u00f5htus\u00f6\u00f6k 5-k\u00e4igulise maitser\u00e4nnakuna<\/h2>\n\t\t<\/a><div class=\"ee-post__excerpt\">Mis v\u00f5ib olla veel parem, kui m\u00e4lestus heast veinist, elamus perfektsest maitsekooslusest v\u00f5i meenutus imelisest \u00f5htus\u00f6\u00f6gist l\u00e4hedase inimesega? Toit on meie k\u00fcte ja v\u00f5imaldab meil&hellip;<\/div><\/div><!-- .ee-post__body --><div class=\"ee-post__footer ee-post__area\"><div class=\"ee-post__metas ee-post__metas--has-metas\"><ul class=\"ee-post__metas__list display--\"><li class=\"ee-post__meta ee-post__meta--date ee-post__metas__date\"> 18\/01\/2023<span class=\"ee-post__meta__separator\">\u00b7<\/span><\/li><\/ul><\/div><\/div><!-- .ee-post__footer --><\/article><!-- .ee-post --><\/div><!-- .ee-loop__item --><div class=\"ee-grid__item ee-loop__item\"><article class=\"ee-post post-11676 post type-post status-publish format-standard has-post-thumbnail hentry category-blog\"><a class=\"ee-media ee-post__media\" href=\"https:\/\/peetritalu.eu\/en\/aasia-toit-kui-asendamatu-inspiratsiooniallikas\/\"><div class=\"ee-post__media__thumbnail ee-media__thumbnail\"><img loading=\"lazy\" decoding=\"async\" width=\"1024\" height=\"768\" src=\"https:\/\/peetritalu.eu\/wp-content\/uploads\/2023\/01\/IMG_5258.jpg-1024x768.webp\" class=\"attachment-large size-large wp-image-11685\" alt=\"\" srcset=\"https:\/\/peetritalu.eu\/wp-content\/uploads\/2023\/01\/IMG_5258.jpg-1024x768.webp 1024w, https:\/\/peetritalu.eu\/wp-content\/uploads\/2023\/01\/IMG_5258.jpg-480x360.webp 480w, https:\/\/peetritalu.eu\/wp-content\/uploads\/2023\/01\/IMG_5258.jpg-600x450.webp 600w, https:\/\/peetritalu.eu\/wp-content\/uploads\/2023\/01\/IMG_5258.jpg-300x225.webp 300w, https:\/\/peetritalu.eu\/wp-content\/uploads\/2023\/01\/IMG_5258.jpg-150x113.webp 150w, https:\/\/peetritalu.eu\/wp-content\/uploads\/2023\/01\/IMG_5258.jpg-768x576.webp 768w, https:\/\/peetritalu.eu\/wp-content\/uploads\/2023\/01\/IMG_5258.jpg.webp 1286w\" sizes=\"(max-width: 1024px) 100vw, 1024px\" \/><\/div><div class=\"ee-post__media__overlay ee-media__overlay\"><\/div><\/a><!-- .ee-post__media --><div class=\"ee-post__body ee-post__area\"><a href=\"https:\/\/peetritalu.eu\/en\/aasia-toit-kui-asendamatu-inspiratsiooniallikas\/\" class=\"ee-post__title\">\n\t\t\t<h2 class=\"ee-post__title__heading\">Aasia toit kui asendamatu inspiratsiooniallikas<\/h2>\n\t\t<\/a><div class=\"ee-post__excerpt\">Suure osa oma ideedest olen ammutanud just reisides ja eri kultuure kogedes. Kahtlemata k\u00f5ige meeldej\u00e4\u00e4vam maitseelamuste- ja inspiratsioonireis viis mind Bangkokki ja \u00fchele armsale Tai&hellip;<\/div><\/div><!-- .ee-post__body --><div class=\"ee-post__footer ee-post__area\"><div class=\"ee-post__metas ee-post__metas--has-metas\"><ul class=\"ee-post__metas__list display--\"><li class=\"ee-post__meta ee-post__meta--date ee-post__metas__date\"> 18\/01\/2023<span class=\"ee-post__meta__separator\">\u00b7<\/span><\/li><\/ul><\/div><\/div><!-- .ee-post__footer --><\/article><!-- .ee-post --><\/div><!-- .ee-loop__item --><\/div><!-- .ee-loop -->\t\t<\/div>\n\t\t\t\t<\/div>\n\t\t\t\t\t<\/div>\n\t\t<\/div>\n\t\t\t\t\t\t\t<\/div>\n\t\t<\/section>\n\t\t\t\t\t\t\t<\/div>\n\t\t","protected":false},"excerpt":{"rendered":"<p>Blogi M\u00fcstiline \u00f5htus\u00f6\u00f6k 5-k\u00e4igulise maitser\u00e4nnakuna Mis v\u00f5ib olla veel parem, kui m\u00e4lestus heast veinist, elamus perfektsest maitsekooslusest v\u00f5i meenutus imelisest \u00f5htus\u00f6\u00f6gist l\u00e4hedase inimesega? Toit on meie k\u00fcte ja v\u00f5imaldab meil&hellip; 18\/01\/2023\u00b7 Aasia toit kui asendamatu inspiratsiooniallikas Suure osa oma ideedest olen ammutanud just reisides ja eri kultuure kogedes. Kahtlemata k\u00f5ige meeldej\u00e4\u00e4vam maitseelamuste- ja inspiratsioonireis viis [&hellip;]<\/p>\n","protected":false},"author":1,"featured_media":5493,"parent":0,"menu_order":0,"comment_status":"closed","ping_status":"closed","template":"","meta":{"footnotes":""},"class_list":["post-5207","page","type-page","status-publish","has-post-thumbnail","hentry"],"acf":[],"yoast_head":"<!-- This site is optimized with the Yoast SEO Premium plugin v18.7 (Yoast SEO v25.6) - https:\/\/yoast.com\/wordpress\/plugins\/seo\/ -->\n<title>Blog - Peetri Talu<\/title>\n<meta name=\"robots\" content=\"index, follow, max-snippet:-1, max-image-preview:large, max-video-preview:-1\" \/>\n<link rel=\"canonical\" href=\"https:\/\/peetritalu.eu\/en\/blog\/\" \/>\n<meta property=\"og:locale\" content=\"en_US\" \/>\n<meta property=\"og:type\" content=\"article\" \/>\n<meta property=\"og:title\" content=\"Blog\" \/>\n<meta property=\"og:description\" content=\"Blogi M\u00fcstiline \u00f5htus\u00f6\u00f6k 5-k\u00e4igulise maitser\u00e4nnakuna Mis v\u00f5ib olla veel parem, kui m\u00e4lestus heast veinist, elamus perfektsest maitsekooslusest v\u00f5i meenutus imelisest \u00f5htus\u00f6\u00f6gist l\u00e4hedase inimesega? Toit on meie k\u00fcte ja v\u00f5imaldab meil&hellip; 18\/01\/2023\u00b7 Aasia toit kui asendamatu inspiratsiooniallikas Suure osa oma ideedest olen ammutanud just reisides ja eri kultuure kogedes. Kahtlemata k\u00f5ige meeldej\u00e4\u00e4vam maitseelamuste- ja inspiratsioonireis viis [&hellip;]\" \/>\n<meta property=\"og:url\" content=\"https:\/\/peetritalu.eu\/en\/blog\/\" \/>\n<meta property=\"og:site_name\" content=\"Peetri Talu\" \/>\n<meta property=\"article:modified_time\" content=\"2023-01-19T06:34:29+00:00\" \/>\n<meta property=\"og:image\" content=\"https:\/\/peetritalu.eu\/wp-content\/uploads\/2022\/04\/Top-Banner-scaled.jpg\" \/>\n\t<meta property=\"og:image:width\" content=\"3000\" \/>\n\t<meta property=\"og:image:height\" content=\"1656\" \/>\n\t<meta property=\"og:image:type\" content=\"image\/jpeg\" \/>\n<meta name=\"twitter:card\" content=\"summary_large_image\" \/>\n<meta name=\"twitter:label1\" content=\"Est. reading time\" \/>\n\t<meta name=\"twitter:data1\" content=\"1 minute\" \/>\n<script type=\"application\/ld+json\" class=\"yoast-schema-graph\">{\"@context\":\"https:\/\/schema.org\",\"@graph\":[{\"@type\":\"WebPage\",\"@id\":\"https:\/\/peetritalu.eu\/en\/blog\/\",\"url\":\"https:\/\/peetritalu.eu\/en\/blog\/\",\"name\":\"Blog - Peetri Talu\",\"isPartOf\":{\"@id\":\"https:\/\/peetritalu.eu\/en\/#website\"},\"primaryImageOfPage\":{\"@id\":\"https:\/\/peetritalu.eu\/en\/blog\/#primaryimage\"},\"image\":{\"@id\":\"https:\/\/peetritalu.eu\/en\/blog\/#primaryimage\"},\"thumbnailUrl\":\"https:\/\/peetritalu.eu\/wp-content\/uploads\/2022\/04\/Top-Banner-scaled-scaled.jpg\",\"datePublished\":\"2021-04-27T04:17:48+00:00\",\"dateModified\":\"2023-01-19T06:34:29+00:00\",\"breadcrumb\":{\"@id\":\"https:\/\/peetritalu.eu\/en\/blog\/#breadcrumb\"},\"inLanguage\":\"en-US\",\"potentialAction\":[{\"@type\":\"ReadAction\",\"target\":[\"https:\/\/peetritalu.eu\/en\/blog\/\"]}]},{\"@type\":\"ImageObject\",\"inLanguage\":\"en-US\",\"@id\":\"https:\/\/peetritalu.eu\/en\/blog\/#primaryimage\",\"url\":\"https:\/\/peetritalu.eu\/wp-content\/uploads\/2022\/04\/Top-Banner-scaled-scaled.jpg\",\"contentUrl\":\"https:\/\/peetritalu.eu\/wp-content\/uploads\/2022\/04\/Top-Banner-scaled-scaled.jpg\",\"width\":2800,\"height\":1546},{\"@type\":\"BreadcrumbList\",\"@id\":\"https:\/\/peetritalu.eu\/en\/blog\/#breadcrumb\",\"itemListElement\":[{\"@type\":\"ListItem\",\"position\":1,\"name\":\"Home\",\"item\":\"https:\/\/peetritalu.eu\/en\/\"},{\"@type\":\"ListItem\",\"position\":2,\"name\":\"Blog\"}]},{\"@type\":\"WebSite\",\"@id\":\"https:\/\/peetritalu.eu\/en\/#website\",\"url\":\"https:\/\/peetritalu.eu\/en\/\",\"name\":\"Peetri Talu\",\"description\":\"\",\"publisher\":{\"@id\":\"https:\/\/peetritalu.eu\/en\/#organization\"},\"potentialAction\":[{\"@type\":\"SearchAction\",\"target\":{\"@type\":\"EntryPoint\",\"urlTemplate\":\"https:\/\/peetritalu.eu\/en\/?s={search_term_string}\"},\"query-input\":{\"@type\":\"PropertyValueSpecification\",\"valueRequired\":true,\"valueName\":\"search_term_string\"}}],\"inLanguage\":\"en-US\"},{\"@type\":\"Organization\",\"@id\":\"https:\/\/peetritalu.eu\/en\/#organization\",\"name\":\"Peetri Talu\",\"url\":\"https:\/\/peetritalu.eu\/en\/\",\"logo\":{\"@type\":\"ImageObject\",\"inLanguage\":\"en-US\",\"@id\":\"https:\/\/peetritalu.eu\/en\/#\/schema\/logo\/image\/\",\"url\":\"https:\/\/peetritalu.eu\/wp-content\/uploads\/2022\/06\/logo_2_4.png\",\"contentUrl\":\"https:\/\/peetritalu.eu\/wp-content\/uploads\/2022\/06\/logo_2_4.png\",\"width\":1050,\"height\":1050,\"caption\":\"Peetri Talu\"},\"image\":{\"@id\":\"https:\/\/peetritalu.eu\/en\/#\/schema\/logo\/image\/\"},\"sameAs\":[\"https:\/\/www.instagram.com\/peetritalu\/\"]}]}<\/script>\n<!-- \/ Yoast SEO Premium plugin. -->","yoast_head_json":{"title":"Blog - Peetri Talu","robots":{"index":"index","follow":"follow","max-snippet":"max-snippet:-1","max-image-preview":"max-image-preview:large","max-video-preview":"max-video-preview:-1"},"canonical":"https:\/\/peetritalu.eu\/en\/blog\/","og_locale":"en_US","og_type":"article","og_title":"Blog","og_description":"Blogi M\u00fcstiline \u00f5htus\u00f6\u00f6k 5-k\u00e4igulise maitser\u00e4nnakuna Mis v\u00f5ib olla veel parem, kui m\u00e4lestus heast veinist, elamus perfektsest maitsekooslusest v\u00f5i meenutus imelisest \u00f5htus\u00f6\u00f6gist l\u00e4hedase inimesega? Toit on meie k\u00fcte ja v\u00f5imaldab meil&hellip; 18\/01\/2023\u00b7 Aasia toit kui asendamatu inspiratsiooniallikas Suure osa oma ideedest olen ammutanud just reisides ja eri kultuure kogedes. Kahtlemata k\u00f5ige meeldej\u00e4\u00e4vam maitseelamuste- ja inspiratsioonireis viis [&hellip;]","og_url":"https:\/\/peetritalu.eu\/en\/blog\/","og_site_name":"Peetri Talu","article_modified_time":"2023-01-19T06:34:29+00:00","og_image":[{"width":3000,"height":1656,"url":"https:\/\/peetritalu.eu\/wp-content\/uploads\/2022\/04\/Top-Banner-scaled.jpg","type":"image\/jpeg"}],"twitter_card":"summary_large_image","twitter_misc":{"Est. reading time":"1 minute"},"schema":{"@context":"https:\/\/schema.org","@graph":[{"@type":"WebPage","@id":"https:\/\/peetritalu.eu\/en\/blog\/","url":"https:\/\/peetritalu.eu\/en\/blog\/","name":"Blog - Peetri Talu","isPartOf":{"@id":"https:\/\/peetritalu.eu\/en\/#website"},"primaryImageOfPage":{"@id":"https:\/\/peetritalu.eu\/en\/blog\/#primaryimage"},"image":{"@id":"https:\/\/peetritalu.eu\/en\/blog\/#primaryimage"},"thumbnailUrl":"https:\/\/peetritalu.eu\/wp-content\/uploads\/2022\/04\/Top-Banner-scaled-scaled.jpg","datePublished":"2021-04-27T04:17:48+00:00","dateModified":"2023-01-19T06:34:29+00:00","breadcrumb":{"@id":"https:\/\/peetritalu.eu\/en\/blog\/#breadcrumb"},"inLanguage":"en-US","potentialAction":[{"@type":"ReadAction","target":["https:\/\/peetritalu.eu\/en\/blog\/"]}]},{"@type":"ImageObject","inLanguage":"en-US","@id":"https:\/\/peetritalu.eu\/en\/blog\/#primaryimage","url":"https:\/\/peetritalu.eu\/wp-content\/uploads\/2022\/04\/Top-Banner-scaled-scaled.jpg","contentUrl":"https:\/\/peetritalu.eu\/wp-content\/uploads\/2022\/04\/Top-Banner-scaled-scaled.jpg","width":2800,"height":1546},{"@type":"BreadcrumbList","@id":"https:\/\/peetritalu.eu\/en\/blog\/#breadcrumb","itemListElement":[{"@type":"ListItem","position":1,"name":"Home","item":"https:\/\/peetritalu.eu\/en\/"},{"@type":"ListItem","position":2,"name":"Blog"}]},{"@type":"WebSite","@id":"https:\/\/peetritalu.eu\/en\/#website","url":"https:\/\/peetritalu.eu\/en\/","name":"Peetri Talu","description":"","publisher":{"@id":"https:\/\/peetritalu.eu\/en\/#organization"},"potentialAction":[{"@type":"SearchAction","target":{"@type":"EntryPoint","urlTemplate":"https:\/\/peetritalu.eu\/en\/?s={search_term_string}"},"query-input":{"@type":"PropertyValueSpecification","valueRequired":true,"valueName":"search_term_string"}}],"inLanguage":"en-US"},{"@type":"Organization","@id":"https:\/\/peetritalu.eu\/en\/#organization","name":"Peetri Talu","url":"https:\/\/peetritalu.eu\/en\/","logo":{"@type":"ImageObject","inLanguage":"en-US","@id":"https:\/\/peetritalu.eu\/en\/#\/schema\/logo\/image\/","url":"https:\/\/peetritalu.eu\/wp-content\/uploads\/2022\/06\/logo_2_4.png","contentUrl":"https:\/\/peetritalu.eu\/wp-content\/uploads\/2022\/06\/logo_2_4.png","width":1050,"height":1050,"caption":"Peetri Talu"},"image":{"@id":"https:\/\/peetritalu.eu\/en\/#\/schema\/logo\/image\/"},"sameAs":["https:\/\/www.instagram.com\/peetritalu\/"]}]}},"_links":{"self":[{"href":"https:\/\/peetritalu.eu\/en\/wp-json\/wp\/v2\/pages\/5207"}],"collection":[{"href":"https:\/\/peetritalu.eu\/en\/wp-json\/wp\/v2\/pages"}],"about":[{"href":"https:\/\/peetritalu.eu\/en\/wp-json\/wp\/v2\/types\/page"}],"author":[{"embeddable":true,"href":"https:\/\/peetritalu.eu\/en\/wp-json\/wp\/v2\/users\/1"}],"replies":[{"embeddable":true,"href":"https:\/\/peetritalu.eu\/en\/wp-json\/wp\/v2\/comments?post=5207"}],"version-history":[{"count":0,"href":"https:\/\/peetritalu.eu\/en\/wp-json\/wp\/v2\/pages\/5207\/revisions"}],"wp:featuredmedia":[{"embeddable":true,"href":"https:\/\/peetritalu.eu\/en\/wp-json\/wp\/v2\/media\/5493"}],"wp:attachment":[{"href":"https:\/\/peetritalu.eu\/en\/wp-json\/wp\/v2\/media?parent=5207"}],"curies":[{"name":"wp","href":"https:\/\/api.w.org\/{rel}","templated":true}]}}